{"id":1983,"date":"2025-05-12T18:12:14","date_gmt":"2025-05-12T23:12:14","guid":{"rendered":"https:\/\/jbforilgovnstg.wpenginepowered.com\/conoce-a-christian-mitchell\/"},"modified":"2025-08-15T02:37:35","modified_gmt":"2025-08-15T07:37:35","slug":"conoce-a-christian-mitchell","status":"publish","type":"page","link":"https:\/\/jbpritzker.com\/es\/conoce-a-christian-mitchell\/","title":{"rendered":"Conoce a Christian Mitchell"},"content":{"rendered":"<h1 class=\"has-text-align-left wp-block-heading\">Conoce a Christian<\/h1>\n\n<div class=\"wp-block-buttons is-layout-flex wp-block-buttons-is-layout-flex\"><div class=\"wp-block-button\"><a class=\"wp-block-button__link\">Reproducir V\u00eddeo<\/a><\/div><\/div>\n\n<figure class=\"wp-block-image size-large\"><img loading=\"lazy\" decoding=\"async\" width=\"1024\" height=\"418\" src=\"https:\/\/jbpritzker.com\/wp-content\/uploads\/2025\/06\/jb-hl-Asset-46-1024x418.png\" alt class=\"wp-image-914\" srcset=\"https:\/\/jbpritzker.com\/wp-content\/uploads\/2025\/06\/jb-hl-Asset-46-1024x418.png 1024w, https:\/\/jbpritzker.com\/wp-content\/uploads\/2025\/06\/jb-hl-Asset-46-300x122.png 300w, https:\/\/jbpritzker.com\/wp-content\/uploads\/2025\/06\/jb-hl-Asset-46-768x313.png 768w, https:\/\/jbpritzker.com\/wp-content\/uploads\/2025\/06\/jb-hl-Asset-46.png 1125w\" sizes=\"auto, (max-width: 1024px) 100vw, 1024px\" \/><\/figure>\n\n<figure class=\"wp-block-image size-large\"><img decoding=\"async\" src=\"https:\/\/jbpritzker.com\/wp-content\/uploads\/2025\/06\/MITCHELL_STILLS_12_Color-1024x576.png\" alt class=\"wp-image-1712\"><\/figure>\n\n<figure class=\"wp-block-image size-full\"><img loading=\"lazy\" decoding=\"async\" width=\"1467\" height=\"978\" src=\"https:\/\/jbpritzker.com\/wp-content\/uploads\/2025\/06\/image00016_b6d9c8e3-c7d7-4aa6-aa59-53922367f03d-01-c.webp\" alt class=\"wp-image-1748\" srcset=\"https:\/\/jbpritzker.com\/wp-content\/uploads\/2025\/06\/image00016_b6d9c8e3-c7d7-4aa6-aa59-53922367f03d-01-c.webp 1467w, https:\/\/jbpritzker.com\/wp-content\/uploads\/2025\/06\/image00016_b6d9c8e3-c7d7-4aa6-aa59-53922367f03d-01-c-300x200.webp 300w, https:\/\/jbpritzker.com\/wp-content\/uploads\/2025\/06\/image00016_b6d9c8e3-c7d7-4aa6-aa59-53922367f03d-01-c-1024x683.webp 1024w, https:\/\/jbpritzker.com\/wp-content\/uploads\/2025\/06\/image00016_b6d9c8e3-c7d7-4aa6-aa59-53922367f03d-01-c-768x512.webp 768w\" sizes=\"auto, (max-width: 1467px) 100vw, 1467px\" \/><\/figure>\n\n<figure class=\"wp-block-image size-full\"><img loading=\"lazy\" decoding=\"async\" width=\"1481\" height=\"988\" src=\"https:\/\/jbpritzker.com\/wp-content\/uploads\/2025\/06\/IMG_0966-c.webp\" alt class=\"wp-image-1749\" srcset=\"https:\/\/jbpritzker.com\/wp-content\/uploads\/2025\/06\/IMG_0966-c.webp 1481w, https:\/\/jbpritzker.com\/wp-content\/uploads\/2025\/06\/IMG_0966-c-300x200.webp 300w, https:\/\/jbpritzker.com\/wp-content\/uploads\/2025\/06\/IMG_0966-c-1024x683.webp 1024w, https:\/\/jbpritzker.com\/wp-content\/uploads\/2025\/06\/IMG_0966-c-768x512.webp 768w\" sizes=\"auto, (max-width: 1481px) 100vw, 1481px\" \/><\/figure>\n\n<h3 class=\"wp-block-heading\">He dedicado mi vida a luchar por los habitantes de Illinois como representante estatal y diputado. Ahora, me postulo para vicegobernador para que Illinois siga avanzando.<\/h3>\n\n<p>Nac\u00ed y crec\u00ed con una madre soltera que me inculc\u00f3 los valores del trabajo duro y de la defensa de lo justo. Tras ser elegido representante estatal, luch\u00e9 por un Illinois m\u00e1s justo y equitativo, defendiendo el derecho de la mujer a elegir, oponi\u00e9ndome a las leyes (opposing right to work laws) de los empleadores y luchando por un nuevo sistema de financiaci\u00f3n de la educaci\u00f3n que garantice el acceso de todos los ni\u00f1os a escuelas de calidad.<\/p>\n\n<figure class=\"wp-block-image size-full\"><img loading=\"lazy\" decoding=\"async\" width=\"2560\" height=\"1754\" src=\"https:\/\/jbpritzker.com\/wp-content\/uploads\/2025\/06\/GMnxSDFWkAAvR0l-scaled-e1751264604918-blur.webp\" alt class=\"wp-image-1740\" srcset=\"https:\/\/jbpritzker.com\/wp-content\/uploads\/2025\/06\/GMnxSDFWkAAvR0l-scaled-e1751264604918-blur.webp 2560w, https:\/\/jbpritzker.com\/wp-content\/uploads\/2025\/06\/GMnxSDFWkAAvR0l-scaled-e1751264604918-blur-300x206.webp 300w, https:\/\/jbpritzker.com\/wp-content\/uploads\/2025\/06\/GMnxSDFWkAAvR0l-scaled-e1751264604918-blur-1024x702.webp 1024w, https:\/\/jbpritzker.com\/wp-content\/uploads\/2025\/06\/GMnxSDFWkAAvR0l-scaled-e1751264604918-blur-768x526.webp 768w, https:\/\/jbpritzker.com\/wp-content\/uploads\/2025\/06\/GMnxSDFWkAAvR0l-scaled-e1751264604918-blur-1536x1052.webp 1536w, https:\/\/jbpritzker.com\/wp-content\/uploads\/2025\/06\/GMnxSDFWkAAvR0l-scaled-e1751264604918-blur-2048x1403.webp 2048w\" sizes=\"auto, (max-width: 2560px) 100vw, 2560px\" \/><\/figure>\n\n<!-- wp:Array \/-->\n\n<p><span style=\"font-size: clamp(1rem, 1.3vw, 1.25rem); background-color: initial;\">En 2019, me enorgulleci\u00f3 unirme a la administraci\u00f3n de JB como diputado para que Illinois volviera a apoyar a las familias trabajadoras. Lider\u00e9 los esfuerzos para convertir a Illinois en un l\u00edder nacional en energ\u00eda limpia, prohibir las armas de asalto y crear y mantener miles de empleos mediante la reconstrucci\u00f3n de nuestras carreteras, puentes y escuelas.<\/span><\/p>\n<p>Inspirado por el servicio de mi abuelo en el Ej\u00e9rcito de los EE. UU., me un\u00ed a la Guardia Nacional A\u00e9rea de Illinois en 2023 para seguir retribuyendo a este estado y a este pa\u00eds.<\/p>","protected":false},"excerpt":{"rendered":"<p>Conoce a Christian He dedicado mi vida a luchar por los habitantes de Illinois como representante estatal y diputado. Ahora, me postulo para vicegobernador para que Illinois siga avanzando. Nac\u00ed y crec\u00ed con una madre soltera que me inculc\u00f3 los valores del trabajo duro y de la defensa de lo justo. Tras ser elegido representante [&hellip;]<\/p>\n","protected":false},"author":1,"featured_media":0,"parent":0,"menu_order":0,"comment_status":"closed","ping_status":"closed","template":"","meta":{"_acf_changed":false,"footnotes":""},"class_list":["post-1983","page","type-page","status-publish","hentry"],"acf":[],"yoast_head":"<!-- This site is optimized with the Yoast SEO plugin v26.5 - https:\/\/yoast.com\/wordpress\/plugins\/seo\/ -->\n<title>Conoce a Christian Mitchell - JB for Governor<\/title>\n<meta name=\"robots\" content=\"index, follow, max-snippet:-1, max-image-preview:large, max-video-preview:-1\" \/>\n<link rel=\"canonical\" href=\"https:\/\/jbpritzker.com\/es\/conoce-a-christian-mitchell\/\" \/>\n<meta property=\"og:locale\" content=\"es_ES\" \/>\n<meta property=\"og:type\" content=\"article\" \/>\n<meta property=\"og:title\" content=\"Conoce a Christian Mitchell - JB for Governor\" \/>\n<meta property=\"og:description\" content=\"Conoce a Christian He dedicado mi vida a luchar por los habitantes de Illinois como representante estatal y diputado. Ahora, me postulo para vicegobernador para que Illinois siga avanzando. Nac\u00ed y crec\u00ed con una madre soltera que me inculc\u00f3 los valores del trabajo duro y de la defensa de lo justo. Tras ser elegido representante [&hellip;]\" \/>\n<meta property=\"og:url\" content=\"https:\/\/jbpritzker.com\/es\/conoce-a-christian-mitchell\/\" \/>\n<meta property=\"og:site_name\" content=\"JB for Governor\" \/>\n<meta property=\"article:publisher\" content=\"https:\/\/www.facebook.com\/jbpritzker\" \/>\n<meta property=\"article:modified_time\" content=\"2025-08-15T07:37:35+00:00\" \/>\n<meta property=\"og:image\" content=\"https:\/\/jbpritzker.com\/wp-content\/uploads\/2025\/06\/jb-hl-Asset-46.png\" \/>\n\t<meta property=\"og:image:width\" content=\"1125\" \/>\n\t<meta property=\"og:image:height\" content=\"459\" \/>\n\t<meta property=\"og:image:type\" content=\"image\/png\" \/>\n<meta name=\"twitter:card\" content=\"summary_large_image\" \/>\n<meta name=\"twitter:site\" content=\"@jbpritzker\" \/>\n<script type=\"application\/ld+json\" class=\"yoast-schema-graph\">{\"@context\":\"https:\/\/schema.org\",\"@graph\":[{\"@type\":\"WebPage\",\"@id\":\"https:\/\/jbpritzker.com\/es\/conoce-a-christian-mitchell\/\",\"url\":\"https:\/\/jbpritzker.com\/es\/conoce-a-christian-mitchell\/\",\"name\":\"Conoce a Christian Mitchell - JB for Governor\",\"isPartOf\":{\"@id\":\"https:\/\/jbpritzker.com\/es\/#website\"},\"primaryImageOfPage\":{\"@id\":\"https:\/\/jbpritzker.com\/es\/conoce-a-christian-mitchell\/#primaryimage\"},\"image\":{\"@id\":\"https:\/\/jbpritzker.com\/es\/conoce-a-christian-mitchell\/#primaryimage\"},\"thumbnailUrl\":\"https:\/\/jbpritzker.com\/wp-content\/uploads\/2025\/06\/jb-hl-Asset-46-1024x418.png\",\"datePublished\":\"2025-05-12T23:12:14+00:00\",\"dateModified\":\"2025-08-15T07:37:35+00:00\",\"breadcrumb\":{\"@id\":\"https:\/\/jbpritzker.com\/es\/conoce-a-christian-mitchell\/#breadcrumb\"},\"inLanguage\":\"es\",\"potentialAction\":[{\"@type\":\"ReadAction\",\"target\":[\"https:\/\/jbpritzker.com\/es\/conoce-a-christian-mitchell\/\"]}]},{\"@type\":\"ImageObject\",\"inLanguage\":\"es\",\"@id\":\"https:\/\/jbpritzker.com\/es\/conoce-a-christian-mitchell\/#primaryimage\",\"url\":\"https:\/\/jbpritzker.com\/wp-content\/uploads\/2025\/06\/jb-hl-Asset-46-1024x418.png\",\"contentUrl\":\"https:\/\/jbpritzker.com\/wp-content\/uploads\/2025\/06\/jb-hl-Asset-46-1024x418.png\"},{\"@type\":\"BreadcrumbList\",\"@id\":\"https:\/\/jbpritzker.com\/es\/conoce-a-christian-mitchell\/#breadcrumb\",\"itemListElement\":[{\"@type\":\"ListItem\",\"position\":1,\"name\":\"Home\",\"item\":\"https:\/\/jbpritzker.com\/es\/\"},{\"@type\":\"ListItem\",\"position\":2,\"name\":\"Conoce a Christian Mitchell\"}]},{\"@type\":\"WebSite\",\"@id\":\"https:\/\/jbpritzker.com\/es\/#website\",\"url\":\"https:\/\/jbpritzker.com\/es\/\",\"name\":\"JB for Governor\",\"description\":\"Official Campaign Website of Illinois Governor JB Pritzker\",\"publisher\":{\"@id\":\"https:\/\/jbpritzker.com\/es\/#organization\"},\"alternateName\":\"JB Pritzker for Governor\",\"potentialAction\":[{\"@type\":\"SearchAction\",\"target\":{\"@type\":\"EntryPoint\",\"urlTemplate\":\"https:\/\/jbpritzker.com\/es\/?s={search_term_string}\"},\"query-input\":{\"@type\":\"PropertyValueSpecification\",\"valueRequired\":true,\"valueName\":\"search_term_string\"}}],\"inLanguage\":\"es\"},{\"@type\":\"Organization\",\"@id\":\"https:\/\/jbpritzker.com\/es\/#organization\",\"name\":\"JB for Governor\",\"url\":\"https:\/\/jbpritzker.com\/es\/\",\"logo\":{\"@type\":\"ImageObject\",\"inLanguage\":\"es\",\"@id\":\"https:\/\/jbpritzker.com\/es\/#\/schema\/logo\/image\/\",\"url\":\"https:\/\/jbpritzker.com\/wp-content\/uploads\/2025\/06\/jbpg-google-site-logo.png\",\"contentUrl\":\"https:\/\/jbpritzker.com\/wp-content\/uploads\/2025\/06\/jbpg-google-site-logo.png\",\"width\":512,\"height\":512,\"caption\":\"JB for Governor\"},\"image\":{\"@id\":\"https:\/\/jbpritzker.com\/es\/#\/schema\/logo\/image\/\"},\"sameAs\":[\"https:\/\/www.facebook.com\/jbpritzker\",\"https:\/\/x.com\/jbpritzker\",\"https:\/\/www.instagram.com\/jbpritzker\",\"https:\/\/www.youtube.com\/@jbpritzker\",\"https:\/\/www.threads.net\/@jbpritzker\",\"https:\/\/bsky.app\/profile\/jbpritzker.bsky.social\",\"https:\/\/www.tiktok.com\/@teamjb_hq\"]}]}<\/script>\n<!-- \/ Yoast SEO plugin. -->","yoast_head_json":{"title":"Conoce a Christian Mitchell - JB for Governor","robots":{"index":"index","follow":"follow","max-snippet":"max-snippet:-1","max-image-preview":"max-image-preview:large","max-video-preview":"max-video-preview:-1"},"canonical":"https:\/\/jbpritzker.com\/es\/conoce-a-christian-mitchell\/","og_locale":"es_ES","og_type":"article","og_title":"Conoce a Christian Mitchell - JB for Governor","og_description":"Conoce a Christian He dedicado mi vida a luchar por los habitantes de Illinois como representante estatal y diputado. Ahora, me postulo para vicegobernador para que Illinois siga avanzando. Nac\u00ed y crec\u00ed con una madre soltera que me inculc\u00f3 los valores del trabajo duro y de la defensa de lo justo. Tras ser elegido representante [&hellip;]","og_url":"https:\/\/jbpritzker.com\/es\/conoce-a-christian-mitchell\/","og_site_name":"JB for Governor","article_publisher":"https:\/\/www.facebook.com\/jbpritzker","article_modified_time":"2025-08-15T07:37:35+00:00","og_image":[{"width":1125,"height":459,"url":"https:\/\/jbpritzker.com\/wp-content\/uploads\/2025\/06\/jb-hl-Asset-46.png","type":"image\/png"}],"twitter_card":"summary_large_image","twitter_site":"@jbpritzker","schema":{"@context":"https:\/\/schema.org","@graph":[{"@type":"WebPage","@id":"https:\/\/jbpritzker.com\/es\/conoce-a-christian-mitchell\/","url":"https:\/\/jbpritzker.com\/es\/conoce-a-christian-mitchell\/","name":"Conoce a Christian Mitchell - JB for Governor","isPartOf":{"@id":"https:\/\/jbpritzker.com\/es\/#website"},"primaryImageOfPage":{"@id":"https:\/\/jbpritzker.com\/es\/conoce-a-christian-mitchell\/#primaryimage"},"image":{"@id":"https:\/\/jbpritzker.com\/es\/conoce-a-christian-mitchell\/#primaryimage"},"thumbnailUrl":"https:\/\/jbpritzker.com\/wp-content\/uploads\/2025\/06\/jb-hl-Asset-46-1024x418.png","datePublished":"2025-05-12T23:12:14+00:00","dateModified":"2025-08-15T07:37:35+00:00","breadcrumb":{"@id":"https:\/\/jbpritzker.com\/es\/conoce-a-christian-mitchell\/#breadcrumb"},"inLanguage":"es","potentialAction":[{"@type":"ReadAction","target":["https:\/\/jbpritzker.com\/es\/conoce-a-christian-mitchell\/"]}]},{"@type":"ImageObject","inLanguage":"es","@id":"https:\/\/jbpritzker.com\/es\/conoce-a-christian-mitchell\/#primaryimage","url":"https:\/\/jbpritzker.com\/wp-content\/uploads\/2025\/06\/jb-hl-Asset-46-1024x418.png","contentUrl":"https:\/\/jbpritzker.com\/wp-content\/uploads\/2025\/06\/jb-hl-Asset-46-1024x418.png"},{"@type":"BreadcrumbList","@id":"https:\/\/jbpritzker.com\/es\/conoce-a-christian-mitchell\/#breadcrumb","itemListElement":[{"@type":"ListItem","position":1,"name":"Home","item":"https:\/\/jbpritzker.com\/es\/"},{"@type":"ListItem","position":2,"name":"Conoce a Christian Mitchell"}]},{"@type":"WebSite","@id":"https:\/\/jbpritzker.com\/es\/#website","url":"https:\/\/jbpritzker.com\/es\/","name":"JB for Governor","description":"Official Campaign Website of Illinois Governor JB Pritzker","publisher":{"@id":"https:\/\/jbpritzker.com\/es\/#organization"},"alternateName":"JB Pritzker for Governor","potentialAction":[{"@type":"SearchAction","target":{"@type":"EntryPoint","urlTemplate":"https:\/\/jbpritzker.com\/es\/?s={search_term_string}"},"query-input":{"@type":"PropertyValueSpecification","valueRequired":true,"valueName":"search_term_string"}}],"inLanguage":"es"},{"@type":"Organization","@id":"https:\/\/jbpritzker.com\/es\/#organization","name":"JB for Governor","url":"https:\/\/jbpritzker.com\/es\/","logo":{"@type":"ImageObject","inLanguage":"es","@id":"https:\/\/jbpritzker.com\/es\/#\/schema\/logo\/image\/","url":"https:\/\/jbpritzker.com\/wp-content\/uploads\/2025\/06\/jbpg-google-site-logo.png","contentUrl":"https:\/\/jbpritzker.com\/wp-content\/uploads\/2025\/06\/jbpg-google-site-logo.png","width":512,"height":512,"caption":"JB for Governor"},"image":{"@id":"https:\/\/jbpritzker.com\/es\/#\/schema\/logo\/image\/"},"sameAs":["https:\/\/www.facebook.com\/jbpritzker","https:\/\/x.com\/jbpritzker","https:\/\/www.instagram.com\/jbpritzker","https:\/\/www.youtube.com\/@jbpritzker","https:\/\/www.threads.net\/@jbpritzker","https:\/\/bsky.app\/profile\/jbpritzker.bsky.social","https:\/\/www.tiktok.com\/@teamjb_hq"]}]}},"_links":{"self":[{"href":"https:\/\/jbpritzker.com\/es\/wp-json\/wp\/v2\/pages\/1983","targetHints":{"allow":["GET"]}}],"collection":[{"href":"https:\/\/jbpritzker.com\/es\/wp-json\/wp\/v2\/pages"}],"about":[{"href":"https:\/\/jbpritzker.com\/es\/wp-json\/wp\/v2\/types\/page"}],"author":[{"embeddable":true,"href":"https:\/\/jbpritzker.com\/es\/wp-json\/wp\/v2\/users\/1"}],"replies":[{"embeddable":true,"href":"https:\/\/jbpritzker.com\/es\/wp-json\/wp\/v2\/comments?post=1983"}],"version-history":[{"count":0,"href":"https:\/\/jbpritzker.com\/es\/wp-json\/wp\/v2\/pages\/1983\/revisions"}],"wp:attachment":[{"href":"https:\/\/jbpritzker.com\/es\/wp-json\/wp\/v2\/media?parent=1983"}],"curies":[{"name":"wp","href":"https:\/\/api.w.org\/{rel}","templated":true}]}}