{"id":1980,"date":"2025-05-12T18:12:50","date_gmt":"2025-05-12T23:12:50","guid":{"rendered":"https:\/\/jbforilgovnstg.wpenginepowered.com\/conoce-a-jb-pritzker\/"},"modified":"2025-08-15T02:36:42","modified_gmt":"2025-08-15T07:36:42","slug":"conoce-a-jb-pritzker","status":"publish","type":"page","link":"https:\/\/jbpritzker.com\/es\/conoce-a-jb-pritzker\/","title":{"rendered":"Conoce a JB Pritzker"},"content":{"rendered":"<h1 class=\"wp-block-heading\">Conoce a JB<\/h1>\n\n<figure class=\"wp-block-image size-large\"><img loading=\"lazy\" decoding=\"async\" width=\"1024\" height=\"683\" src=\"https:\/\/jbpritzker.com\/wp-content\/uploads\/2025\/06\/GO-NaturalizationCeremony-Chicago-20221207-VTJ64715-meet-1024x683.webp\" alt class=\"wp-image-1599\" srcset=\"https:\/\/jbpritzker.com\/wp-content\/uploads\/2025\/06\/GO-NaturalizationCeremony-Chicago-20221207-VTJ64715-meet-1024x683.webp 1024w, https:\/\/jbpritzker.com\/wp-content\/uploads\/2025\/06\/GO-NaturalizationCeremony-Chicago-20221207-VTJ64715-meet-300x200.webp 300w, https:\/\/jbpritzker.com\/wp-content\/uploads\/2025\/06\/GO-NaturalizationCeremony-Chicago-20221207-VTJ64715-meet-768x512.webp 768w, https:\/\/jbpritzker.com\/wp-content\/uploads\/2025\/06\/GO-NaturalizationCeremony-Chicago-20221207-VTJ64715-meet-1536x1024.webp 1536w, https:\/\/jbpritzker.com\/wp-content\/uploads\/2025\/06\/GO-NaturalizationCeremony-Chicago-20221207-VTJ64715-meet-2048x1366.webp 2048w\" sizes=\"auto, (max-width: 1024px) 100vw, 1024px\" \/><\/figure>\n\n<p>Llegue a la gobernaci\u00f3n como un forastero, pero con experiencia exitosa como creador de empleos y con dedicaci\u00f3n para hacer que la gente viviera mejor. Tuve suerte de venir de una familia que ha servido en el ej\u00e9rcito y luego pasaron a ser empresarios exitosos; y a pesar de haber perdido a mis dos padres a una edad temprana, quise seguir sus pasos en servir a nuestra naci\u00f3n.<\/p>\n\n<h3 class=\"wp-block-heading\">La lucha por las familias de Illinois y colocar de primero a la gente, ha sido el trabajo de mi vida.<\/h3>\n\n<figure class=\"wp-block-image size-full\"><img loading=\"lazy\" decoding=\"async\" width=\"2560\" height=\"1707\" src=\"https:\/\/jbpritzker.com\/wp-content\/uploads\/2025\/06\/JB-AFFIRoundtable-20220608-VTJ64151-scaled.jpg\" alt class=\"wp-image-722\" srcset=\"https:\/\/jbpritzker.com\/wp-content\/uploads\/2025\/06\/JB-AFFIRoundtable-20220608-VTJ64151-scaled.jpg 2560w, https:\/\/jbpritzker.com\/wp-content\/uploads\/2025\/06\/JB-AFFIRoundtable-20220608-VTJ64151-300x200.jpg 300w, https:\/\/jbpritzker.com\/wp-content\/uploads\/2025\/06\/JB-AFFIRoundtable-20220608-VTJ64151-1024x683.jpg 1024w, https:\/\/jbpritzker.com\/wp-content\/uploads\/2025\/06\/JB-AFFIRoundtable-20220608-VTJ64151-768x512.jpg 768w, https:\/\/jbpritzker.com\/wp-content\/uploads\/2025\/06\/JB-AFFIRoundtable-20220608-VTJ64151-1536x1024.jpg 1536w, https:\/\/jbpritzker.com\/wp-content\/uploads\/2025\/06\/JB-AFFIRoundtable-20220608-VTJ64151-2048x1365.jpg 2048w\" sizes=\"auto, (max-width: 2560px) 100vw, 2560px\" \/><\/figure>\n\n<h3 class=\"wp-block-heading\">Hemos conseguido hacer bastante durante mi tiempo en la oficina.<\/h3>\n\n<p>Despu\u00e9s de d\u00e9cadas de decadencia, hemos comenzado a cambiar las cosas en Illinois.After decades of decline, we\u2019ve begun to turn things around in Illinois. Nosotros logramos calificaciones crediticias m\u00e1s altas, presupuestos equilibrados, pensiones con mejores fondos de financiamiento, puntuaciones m\u00e1s altas en los ex\u00e1menes educativos y un n\u00famero r\u00e9cord en empleos. Los salarios son m\u00e1s altos, la universidad es m\u00e1s asequible y nuestros derechos individuales est\u00e1n mejor protegidos. Illinois puede volver a poner su cabeza en alto. Illinois puede volver a poner su cabeza en alto.<\/p>\n\n<figure class=\"wp-block-image size-large\"><img loading=\"lazy\" decoding=\"async\" width=\"1024\" height=\"683\" src=\"https:\/\/jbpritzker.com\/wp-content\/uploads\/2025\/06\/JB-TelevisionAds-Normal-Pekin-20220411-VTJ0687-1024x683.jpg\" alt class=\"wp-image-725\" srcset=\"https:\/\/jbpritzker.com\/wp-content\/uploads\/2025\/06\/JB-TelevisionAds-Normal-Pekin-20220411-VTJ0687-1024x683.jpg 1024w, https:\/\/jbpritzker.com\/wp-content\/uploads\/2025\/06\/JB-TelevisionAds-Normal-Pekin-20220411-VTJ0687-300x200.jpg 300w, https:\/\/jbpritzker.com\/wp-content\/uploads\/2025\/06\/JB-TelevisionAds-Normal-Pekin-20220411-VTJ0687-768x512.jpg 768w, https:\/\/jbpritzker.com\/wp-content\/uploads\/2025\/06\/JB-TelevisionAds-Normal-Pekin-20220411-VTJ0687-1536x1024.jpg 1536w, https:\/\/jbpritzker.com\/wp-content\/uploads\/2025\/06\/JB-TelevisionAds-Normal-Pekin-20220411-VTJ0687-2048x1365.jpg 2048w\" sizes=\"auto, (max-width: 1024px) 100vw, 1024px\" \/><\/figure>\n\n<figure class=\"wp-block-image size-large\"><img loading=\"lazy\" decoding=\"async\" width=\"1024\" height=\"683\" src=\"https:\/\/jbpritzker.com\/wp-content\/uploads\/2025\/06\/JB-47thWardDemsEarlyVoteRally-20220612-VTJ68885-1024x683.jpg\" alt class=\"wp-image-724\" srcset=\"https:\/\/jbpritzker.com\/wp-content\/uploads\/2025\/06\/JB-47thWardDemsEarlyVoteRally-20220612-VTJ68885-1024x683.jpg 1024w, https:\/\/jbpritzker.com\/wp-content\/uploads\/2025\/06\/JB-47thWardDemsEarlyVoteRally-20220612-VTJ68885-300x200.jpg 300w, https:\/\/jbpritzker.com\/wp-content\/uploads\/2025\/06\/JB-47thWardDemsEarlyVoteRally-20220612-VTJ68885-768x512.jpg 768w, https:\/\/jbpritzker.com\/wp-content\/uploads\/2025\/06\/JB-47thWardDemsEarlyVoteRally-20220612-VTJ68885-1536x1024.jpg 1536w, https:\/\/jbpritzker.com\/wp-content\/uploads\/2025\/06\/JB-47thWardDemsEarlyVoteRally-20220612-VTJ68885-2048x1365.jpg 2048w\" sizes=\"auto, (max-width: 1024px) 100vw, 1024px\" \/><\/figure>\n\n<h3 class=\"wp-block-heading\">Pero s\u00e9 que tenemos m\u00e1s por hacer.<\/h3>\n\n<p>Estoy orgulloso del progreso que ya hemos logrado y hay mucho m\u00e1s por hacer para las familias trabajadoras, a medida que continuamos abordando la crisis de asequibilidad y superando los problemas que enfrentan los habitantes de Illinois. Conf\u00edo en nuestra capacidad para enfrentar el desaf\u00edo y continuar logrando grandes cosas para las personas en todo nuestro estado.<\/p>\n\n<h3 class=\"wp-block-heading\">Soy el esposo de la mejor primera dama en la naci\u00f3n y el padre de dos ni\u00f1os maravillosos.<\/h3>\n\n<p>Desde que conoc\u00ed a MK hace m\u00e1s de 30 a\u00f1os, ella ha sido mi compa\u00f1era en todo y estoy muy feliz de que el amor de mi vida est\u00e9 ayudando a hacer de nuestro estado un lugar mejor para formar una familia. Estamos orgullosos de nuestros dos hijos y cada d\u00eda se nos recuerda que el trabajo que hacemos ahora tiene como objetivo crear una vida mejor para las generaciones futuras.<\/p>\n\n<figure class=\"wp-block-image size-large\"><img loading=\"lazy\" decoding=\"async\" width=\"683\" height=\"1024\" src=\"https:\/\/jbpritzker.com\/wp-content\/uploads\/2025\/06\/Family-Photo-casual-683x1024.jpg\" alt class=\"wp-image-727\" srcset=\"https:\/\/jbpritzker.com\/wp-content\/uploads\/2025\/06\/Family-Photo-casual-683x1024.jpg 683w, https:\/\/jbpritzker.com\/wp-content\/uploads\/2025\/06\/Family-Photo-casual-200x300.jpg 200w, https:\/\/jbpritzker.com\/wp-content\/uploads\/2025\/06\/Family-Photo-casual-768x1152.jpg 768w, https:\/\/jbpritzker.com\/wp-content\/uploads\/2025\/06\/Family-Photo-casual-1024x1536.jpg 1024w, https:\/\/jbpritzker.com\/wp-content\/uploads\/2025\/06\/Family-Photo-casual-1365x2048.jpg 1365w, https:\/\/jbpritzker.com\/wp-content\/uploads\/2025\/06\/Family-Photo-casual-scaled.jpg 1707w\" sizes=\"auto, (max-width: 683px) 100vw, 683px\" \/><\/figure>\n\n<h3 class=\"wp-block-heading\">Soy un emprendedor y un innovador.<\/h3>\n\n<p>Antes de asumir el cargo de Gobernador, supervis\u00e9 las operaciones empresariales de una compa\u00f1\u00eda con 10,000 empleados y lider\u00e9 la creaci\u00f3n de una incubadora de negocios sin fines de lucro que ha contribuido a generar m\u00e1s de 14,500 empleos y ha convertido a Chicago en uno de los principales centros tecnol\u00f3gicos del mundo.<\/p>\n<p>Como gobernador, he agregado quince centros de innovaci\u00f3n para ayudar a los emprendedores a construir nuevos negocios, expandir centros de desarrollo para peque\u00f1os negocios, programas de entrenamiento para desarrollar habilidades y preparar as\u00ed a los habitantes de Illinois para los empleos de nuestra econom\u00eda moderna. Hice de Illinois un hogar para las industrias del futuro como la cu\u00e1ntica, traje alivio fiscal para peque\u00f1os negocios e implement\u00e9 el plan de infraestructura m\u00e1s grande en la historia del estado, creando y dando soporte a cientos de miles de empleos bien remunerados.<\/p>\n\n<h3 class=\"wp-block-heading\">He luchado por la justicia econ\u00f3mica y social.<\/h3>\n\n<p>Cuando era solo un ni\u00f1o, mi madre era una activista por el derecho al aborto, as\u00ed que ha sido un esfuerzo de toda la vida lo que me llev\u00f3 a promulgar la Ley de Salud Reproductiva en mi primer a\u00f1o como gobernador. He trabajado con sobrevivientes para ayudar a construir el Museo del Holocausto de Illinois con la finalidad de educar a las generaciones futuras y luchar contra la intolerancia, el odio y la discriminaci\u00f3n. Aument\u00e9 el salario m\u00ednimo para sacar a cientos de miles de personas de la pobreza. Trabajando con el grupo de legisladores, (Legislative Black Caucus) de Illinois, promulgamos reformas hist\u00f3ricas en la lucha por la justicia, la educaci\u00f3n, las oportunidades econ\u00f3micas y la atenci\u00f3n m\u00e9dica.<\/p>\n\n<h3 class=\"wp-block-heading\">He sido un defensor del desarrollo de la infancia.<\/h3>\n\n<p>Por tres d\u00e9cadas, me he parado como un l\u00edder nacional en el apoyo de la educaci\u00f3n de la infancia en su primera etapa y he expandido el programa de desayuno escolar para ni\u00f1os en todo Illinois. Como Gobernador he hecho la mayor inversi\u00f3n al expandir el acceso a una educaci\u00f3n preescolar de calidad para miles de ni\u00f1os m\u00e1s.<\/p>\n\n<h3 class=\"wp-block-heading\">Hemos convertido a Illinois en una barrera contra los ataques de Donald Trump.<\/h3>\n\n<p>Desde libertad reproductiva hasta el derecho al voto, derechos civiles e igualdad LGBTQ \u2013 Illinois es un faro de esperanza y libertad para toda la naci\u00f3n. Mientras Donald Trump elimina la asistencia sanitaria para darle a los ricos un recorte de impuestos y hace la vida m\u00e1s dif\u00edcil y m\u00e1s cara para las familias trabajadoras yo me enfrent\u00e9 a \u00e9l por los habitantes de Illinois. Como dije despu\u00e9s de la reelecci\u00f3n de Donald Trump: <span style=\"font-weight: 400;\">\u201cUsted viene por mi pueblo, lo har\u00e1s a trav\u00e9s de m\u00ed.\u201d<\/span><\/p>","protected":false},"excerpt":{"rendered":"<p>Conoce a JB Llegue a la gobernaci\u00f3n como un forastero, pero con experiencia exitosa como creador de empleos y con dedicaci\u00f3n para hacer que la gente viviera mejor. Tuve suerte de venir de una familia que ha servido en el ej\u00e9rcito y luego pasaron a ser empresarios exitosos; y a pesar de haber perdido a [&hellip;]<\/p>\n","protected":false},"author":1,"featured_media":0,"parent":0,"menu_order":0,"comment_status":"closed","ping_status":"closed","template":"","meta":{"_acf_changed":false,"footnotes":""},"class_list":["post-1980","page","type-page","status-publish","hentry"],"acf":[],"yoast_head":"<!-- This site is optimized with the Yoast SEO plugin v26.5 - https:\/\/yoast.com\/wordpress\/plugins\/seo\/ -->\n<title>Conoce a JB Pritzker - JB for Governor<\/title>\n<meta name=\"robots\" content=\"index, follow, max-snippet:-1, max-image-preview:large, max-video-preview:-1\" \/>\n<link rel=\"canonical\" href=\"https:\/\/jbpritzker.com\/es\/conoce-a-jb-pritzker\/\" \/>\n<meta property=\"og:locale\" content=\"es_ES\" \/>\n<meta property=\"og:type\" content=\"article\" \/>\n<meta property=\"og:title\" content=\"Conoce a JB Pritzker - JB for Governor\" \/>\n<meta property=\"og:description\" content=\"Conoce a JB Llegue a la gobernaci\u00f3n como un forastero, pero con experiencia exitosa como creador de empleos y con dedicaci\u00f3n para hacer que la gente viviera mejor. Tuve suerte de venir de una familia que ha servido en el ej\u00e9rcito y luego pasaron a ser empresarios exitosos; y a pesar de haber perdido a [&hellip;]\" \/>\n<meta property=\"og:url\" content=\"https:\/\/jbpritzker.com\/es\/conoce-a-jb-pritzker\/\" \/>\n<meta property=\"og:site_name\" content=\"JB for Governor\" \/>\n<meta property=\"article:publisher\" content=\"https:\/\/www.facebook.com\/jbpritzker\" \/>\n<meta property=\"article:modified_time\" content=\"2025-08-15T07:36:42+00:00\" \/>\n<meta property=\"og:image\" content=\"https:\/\/jbpritzker.com\/wp-content\/uploads\/2025\/06\/GO-NaturalizationCeremony-Chicago-20221207-VTJ64715-meet.webp\" \/>\n\t<meta property=\"og:image:width\" content=\"2560\" \/>\n\t<meta property=\"og:image:height\" content=\"1707\" \/>\n\t<meta property=\"og:image:type\" content=\"image\/webp\" \/>\n<meta name=\"twitter:card\" content=\"summary_large_image\" \/>\n<meta name=\"twitter:site\" content=\"@jbpritzker\" \/>\n<script type=\"application\/ld+json\" class=\"yoast-schema-graph\">{\"@context\":\"https:\/\/schema.org\",\"@graph\":[{\"@type\":\"WebPage\",\"@id\":\"https:\/\/jbpritzker.com\/es\/conoce-a-jb-pritzker\/\",\"url\":\"https:\/\/jbpritzker.com\/es\/conoce-a-jb-pritzker\/\",\"name\":\"Conoce a JB Pritzker - JB for Governor\",\"isPartOf\":{\"@id\":\"https:\/\/jbpritzker.com\/es\/#website\"},\"primaryImageOfPage\":{\"@id\":\"https:\/\/jbpritzker.com\/es\/conoce-a-jb-pritzker\/#primaryimage\"},\"image\":{\"@id\":\"https:\/\/jbpritzker.com\/es\/conoce-a-jb-pritzker\/#primaryimage\"},\"thumbnailUrl\":\"https:\/\/jbpritzker.com\/wp-content\/uploads\/2025\/06\/GO-NaturalizationCeremony-Chicago-20221207-VTJ64715-meet-1024x683.webp\",\"datePublished\":\"2025-05-12T23:12:50+00:00\",\"dateModified\":\"2025-08-15T07:36:42+00:00\",\"breadcrumb\":{\"@id\":\"https:\/\/jbpritzker.com\/es\/conoce-a-jb-pritzker\/#breadcrumb\"},\"inLanguage\":\"es\",\"potentialAction\":[{\"@type\":\"ReadAction\",\"target\":[\"https:\/\/jbpritzker.com\/es\/conoce-a-jb-pritzker\/\"]}]},{\"@type\":\"ImageObject\",\"inLanguage\":\"es\",\"@id\":\"https:\/\/jbpritzker.com\/es\/conoce-a-jb-pritzker\/#primaryimage\",\"url\":\"https:\/\/jbpritzker.com\/wp-content\/uploads\/2025\/06\/GO-NaturalizationCeremony-Chicago-20221207-VTJ64715-meet-1024x683.webp\",\"contentUrl\":\"https:\/\/jbpritzker.com\/wp-content\/uploads\/2025\/06\/GO-NaturalizationCeremony-Chicago-20221207-VTJ64715-meet-1024x683.webp\"},{\"@type\":\"BreadcrumbList\",\"@id\":\"https:\/\/jbpritzker.com\/es\/conoce-a-jb-pritzker\/#breadcrumb\",\"itemListElement\":[{\"@type\":\"ListItem\",\"position\":1,\"name\":\"Home\",\"item\":\"https:\/\/jbpritzker.com\/es\/\"},{\"@type\":\"ListItem\",\"position\":2,\"name\":\"Conoce a JB Pritzker\"}]},{\"@type\":\"WebSite\",\"@id\":\"https:\/\/jbpritzker.com\/es\/#website\",\"url\":\"https:\/\/jbpritzker.com\/es\/\",\"name\":\"JB for Governor\",\"description\":\"Official Campaign Website of Illinois Governor JB Pritzker\",\"publisher\":{\"@id\":\"https:\/\/jbpritzker.com\/es\/#organization\"},\"alternateName\":\"JB Pritzker for Governor\",\"potentialAction\":[{\"@type\":\"SearchAction\",\"target\":{\"@type\":\"EntryPoint\",\"urlTemplate\":\"https:\/\/jbpritzker.com\/es\/?s={search_term_string}\"},\"query-input\":{\"@type\":\"PropertyValueSpecification\",\"valueRequired\":true,\"valueName\":\"search_term_string\"}}],\"inLanguage\":\"es\"},{\"@type\":\"Organization\",\"@id\":\"https:\/\/jbpritzker.com\/es\/#organization\",\"name\":\"JB for Governor\",\"url\":\"https:\/\/jbpritzker.com\/es\/\",\"logo\":{\"@type\":\"ImageObject\",\"inLanguage\":\"es\",\"@id\":\"https:\/\/jbpritzker.com\/es\/#\/schema\/logo\/image\/\",\"url\":\"https:\/\/jbpritzker.com\/wp-content\/uploads\/2025\/06\/jbpg-google-site-logo.png\",\"contentUrl\":\"https:\/\/jbpritzker.com\/wp-content\/uploads\/2025\/06\/jbpg-google-site-logo.png\",\"width\":512,\"height\":512,\"caption\":\"JB for Governor\"},\"image\":{\"@id\":\"https:\/\/jbpritzker.com\/es\/#\/schema\/logo\/image\/\"},\"sameAs\":[\"https:\/\/www.facebook.com\/jbpritzker\",\"https:\/\/x.com\/jbpritzker\",\"https:\/\/www.instagram.com\/jbpritzker\",\"https:\/\/www.youtube.com\/@jbpritzker\",\"https:\/\/www.threads.net\/@jbpritzker\",\"https:\/\/bsky.app\/profile\/jbpritzker.bsky.social\",\"https:\/\/www.tiktok.com\/@teamjb_hq\"]}]}<\/script>\n<!-- \/ Yoast SEO plugin. -->","yoast_head_json":{"title":"Conoce a JB Pritzker - JB for Governor","robots":{"index":"index","follow":"follow","max-snippet":"max-snippet:-1","max-image-preview":"max-image-preview:large","max-video-preview":"max-video-preview:-1"},"canonical":"https:\/\/jbpritzker.com\/es\/conoce-a-jb-pritzker\/","og_locale":"es_ES","og_type":"article","og_title":"Conoce a JB Pritzker - JB for Governor","og_description":"Conoce a JB Llegue a la gobernaci\u00f3n como un forastero, pero con experiencia exitosa como creador de empleos y con dedicaci\u00f3n para hacer que la gente viviera mejor. Tuve suerte de venir de una familia que ha servido en el ej\u00e9rcito y luego pasaron a ser empresarios exitosos; y a pesar de haber perdido a [&hellip;]","og_url":"https:\/\/jbpritzker.com\/es\/conoce-a-jb-pritzker\/","og_site_name":"JB for Governor","article_publisher":"https:\/\/www.facebook.com\/jbpritzker","article_modified_time":"2025-08-15T07:36:42+00:00","og_image":[{"width":2560,"height":1707,"url":"https:\/\/jbpritzker.com\/wp-content\/uploads\/2025\/06\/GO-NaturalizationCeremony-Chicago-20221207-VTJ64715-meet.webp","type":"image\/webp"}],"twitter_card":"summary_large_image","twitter_site":"@jbpritzker","schema":{"@context":"https:\/\/schema.org","@graph":[{"@type":"WebPage","@id":"https:\/\/jbpritzker.com\/es\/conoce-a-jb-pritzker\/","url":"https:\/\/jbpritzker.com\/es\/conoce-a-jb-pritzker\/","name":"Conoce a JB Pritzker - JB for Governor","isPartOf":{"@id":"https:\/\/jbpritzker.com\/es\/#website"},"primaryImageOfPage":{"@id":"https:\/\/jbpritzker.com\/es\/conoce-a-jb-pritzker\/#primaryimage"},"image":{"@id":"https:\/\/jbpritzker.com\/es\/conoce-a-jb-pritzker\/#primaryimage"},"thumbnailUrl":"https:\/\/jbpritzker.com\/wp-content\/uploads\/2025\/06\/GO-NaturalizationCeremony-Chicago-20221207-VTJ64715-meet-1024x683.webp","datePublished":"2025-05-12T23:12:50+00:00","dateModified":"2025-08-15T07:36:42+00:00","breadcrumb":{"@id":"https:\/\/jbpritzker.com\/es\/conoce-a-jb-pritzker\/#breadcrumb"},"inLanguage":"es","potentialAction":[{"@type":"ReadAction","target":["https:\/\/jbpritzker.com\/es\/conoce-a-jb-pritzker\/"]}]},{"@type":"ImageObject","inLanguage":"es","@id":"https:\/\/jbpritzker.com\/es\/conoce-a-jb-pritzker\/#primaryimage","url":"https:\/\/jbpritzker.com\/wp-content\/uploads\/2025\/06\/GO-NaturalizationCeremony-Chicago-20221207-VTJ64715-meet-1024x683.webp","contentUrl":"https:\/\/jbpritzker.com\/wp-content\/uploads\/2025\/06\/GO-NaturalizationCeremony-Chicago-20221207-VTJ64715-meet-1024x683.webp"},{"@type":"BreadcrumbList","@id":"https:\/\/jbpritzker.com\/es\/conoce-a-jb-pritzker\/#breadcrumb","itemListElement":[{"@type":"ListItem","position":1,"name":"Home","item":"https:\/\/jbpritzker.com\/es\/"},{"@type":"ListItem","position":2,"name":"Conoce a JB Pritzker"}]},{"@type":"WebSite","@id":"https:\/\/jbpritzker.com\/es\/#website","url":"https:\/\/jbpritzker.com\/es\/","name":"JB for Governor","description":"Official Campaign Website of Illinois Governor JB Pritzker","publisher":{"@id":"https:\/\/jbpritzker.com\/es\/#organization"},"alternateName":"JB Pritzker for Governor","potentialAction":[{"@type":"SearchAction","target":{"@type":"EntryPoint","urlTemplate":"https:\/\/jbpritzker.com\/es\/?s={search_term_string}"},"query-input":{"@type":"PropertyValueSpecification","valueRequired":true,"valueName":"search_term_string"}}],"inLanguage":"es"},{"@type":"Organization","@id":"https:\/\/jbpritzker.com\/es\/#organization","name":"JB for Governor","url":"https:\/\/jbpritzker.com\/es\/","logo":{"@type":"ImageObject","inLanguage":"es","@id":"https:\/\/jbpritzker.com\/es\/#\/schema\/logo\/image\/","url":"https:\/\/jbpritzker.com\/wp-content\/uploads\/2025\/06\/jbpg-google-site-logo.png","contentUrl":"https:\/\/jbpritzker.com\/wp-content\/uploads\/2025\/06\/jbpg-google-site-logo.png","width":512,"height":512,"caption":"JB for Governor"},"image":{"@id":"https:\/\/jbpritzker.com\/es\/#\/schema\/logo\/image\/"},"sameAs":["https:\/\/www.facebook.com\/jbpritzker","https:\/\/x.com\/jbpritzker","https:\/\/www.instagram.com\/jbpritzker","https:\/\/www.youtube.com\/@jbpritzker","https:\/\/www.threads.net\/@jbpritzker","https:\/\/bsky.app\/profile\/jbpritzker.bsky.social","https:\/\/www.tiktok.com\/@teamjb_hq"]}]}},"_links":{"self":[{"href":"https:\/\/jbpritzker.com\/es\/wp-json\/wp\/v2\/pages\/1980","targetHints":{"allow":["GET"]}}],"collection":[{"href":"https:\/\/jbpritzker.com\/es\/wp-json\/wp\/v2\/pages"}],"about":[{"href":"https:\/\/jbpritzker.com\/es\/wp-json\/wp\/v2\/types\/page"}],"author":[{"embeddable":true,"href":"https:\/\/jbpritzker.com\/es\/wp-json\/wp\/v2\/users\/1"}],"replies":[{"embeddable":true,"href":"https:\/\/jbpritzker.com\/es\/wp-json\/wp\/v2\/comments?post=1980"}],"version-history":[{"count":0,"href":"https:\/\/jbpritzker.com\/es\/wp-json\/wp\/v2\/pages\/1980\/revisions"}],"wp:attachment":[{"href":"https:\/\/jbpritzker.com\/es\/wp-json\/wp\/v2\/media?parent=1980"}],"curies":[{"name":"wp","href":"https:\/\/api.w.org\/{rel}","templated":true}]}}